{"id":1817,"date":"2018-03-28T17:01:19","date_gmt":"2018-03-28T15:01:19","guid":{"rendered":"http:\/\/www.drinks-to-enjoy.ch\/home\/"},"modified":"2018-10-05T21:54:23","modified_gmt":"2018-10-05T19:54:23","slug":"home","status":"publish","type":"page","link":"https:\/\/www.drinks-to-enjoy.ch\/en\/","title":{"rendered":"Home"},"content":{"rendered":"","protected":false},"excerpt":{"rendered":"","protected":false},"author":2,"featured_media":0,"parent":0,"menu_order":0,"comment_status":"closed","ping_status":"closed","template":"page-home.php","meta":{"_acf_changed":false,"inline_featured_image":false,"footnotes":""},"class_list":["post-1817","page","type-page","status-publish","hentry"],"acf":[],"yoast_head":"<!-- This site is optimized with the Yoast SEO plugin v27.3 - https:\/\/yoast.com\/product\/yoast-seo-wordpress\/ -->\n<title>drinks to enjoy \u2013 Genuss und Barkultur<\/title>\n<meta name=\"description\" content=\"drinks to enjoy steht f\u00fcr Genuss und Barkultur. Seid 2013 sind wir Ihr Ansprechpartner in der Schweiz f\u00fcr Bar- &amp; Eventdienstleistungen , Caterings und Eventkonzepte. Wir bieten Ihnen und Ihren G\u00e4sten Full-Service- sowie Teildienstleistungen f\u00fcr Firmenanl\u00e4sse jeder Art sowie exklusiven privaten Veranstaltungen.\" \/>\n<meta name=\"robots\" content=\"index, follow, max-snippet:-1, max-image-preview:large, max-video-preview:-1\" \/>\n<link rel=\"canonical\" href=\"https:\/\/www.drinks-to-enjoy.ch\/en\/\" \/>\n<meta property=\"og:locale\" content=\"en_US\" \/>\n<meta property=\"og:type\" content=\"article\" \/>\n<meta property=\"og:title\" content=\"drinks to enjoy \u2013 Genuss und Barkultur\" \/>\n<meta property=\"og:description\" content=\"drinks to enjoy steht f\u00fcr Genuss und Barkultur. Seid 2013 sind wir Ihr Ansprechpartner in der Schweiz f\u00fcr Bar- &amp; Eventdienstleistungen , Caterings und Eventkonzepte. Wir bieten Ihnen und Ihren G\u00e4sten Full-Service- sowie Teildienstleistungen f\u00fcr Firmenanl\u00e4sse jeder Art sowie exklusiven privaten Veranstaltungen.\" \/>\n<meta property=\"og:url\" content=\"https:\/\/www.drinks-to-enjoy.ch\/en\/\" \/>\n<meta property=\"og:site_name\" content=\"Drinks to Enjoy\" \/>\n<meta property=\"article:modified_time\" content=\"2018-10-05T19:54:23+00:00\" \/>\n<meta name=\"twitter:card\" content=\"summary_large_image\" \/>\n<script type=\"application\/ld+json\" class=\"yoast-schema-graph\">{\"@context\":\"https:\\\/\\\/schema.org\",\"@graph\":[{\"@type\":\"WebPage\",\"@id\":\"https:\\\/\\\/www.drinks-to-enjoy.ch\\\/en\\\/\",\"url\":\"https:\\\/\\\/www.drinks-to-enjoy.ch\\\/en\\\/\",\"name\":\"drinks to enjoy \u2013 Genuss und Barkultur\",\"isPartOf\":{\"@id\":\"https:\\\/\\\/www.drinks-to-enjoy.ch\\\/#website\"},\"datePublished\":\"2018-03-28T15:01:19+00:00\",\"dateModified\":\"2018-10-05T19:54:23+00:00\",\"description\":\"drinks to enjoy steht f\u00fcr Genuss und Barkultur. Seid 2013 sind wir Ihr Ansprechpartner in der Schweiz f\u00fcr Bar- & Eventdienstleistungen , Caterings und Eventkonzepte. Wir bieten Ihnen und Ihren G\u00e4sten Full-Service- sowie Teildienstleistungen f\u00fcr Firmenanl\u00e4sse jeder Art sowie exklusiven privaten Veranstaltungen.\",\"breadcrumb\":{\"@id\":\"https:\\\/\\\/www.drinks-to-enjoy.ch\\\/en\\\/#breadcrumb\"},\"inLanguage\":\"en-US\",\"potentialAction\":[{\"@type\":\"ReadAction\",\"target\":[\"https:\\\/\\\/www.drinks-to-enjoy.ch\\\/en\\\/\"]}]},{\"@type\":\"BreadcrumbList\",\"@id\":\"https:\\\/\\\/www.drinks-to-enjoy.ch\\\/en\\\/#breadcrumb\",\"itemListElement\":[{\"@type\":\"ListItem\",\"position\":1,\"name\":\"Home\",\"item\":\"https:\\\/\\\/www.drinks-to-enjoy.ch\\\/en\\\/\"},{\"@type\":\"ListItem\",\"position\":2,\"name\":\"Home\"}]},{\"@type\":\"WebSite\",\"@id\":\"https:\\\/\\\/www.drinks-to-enjoy.ch\\\/#website\",\"url\":\"https:\\\/\\\/www.drinks-to-enjoy.ch\\\/\",\"name\":\"Drinks to Enjoy\",\"description\":\"Genuss und Barkultur\",\"potentialAction\":[{\"@type\":\"SearchAction\",\"target\":{\"@type\":\"EntryPoint\",\"urlTemplate\":\"https:\\\/\\\/www.drinks-to-enjoy.ch\\\/?s={search_term_string}\"},\"query-input\":{\"@type\":\"PropertyValueSpecification\",\"valueRequired\":true,\"valueName\":\"search_term_string\"}}],\"inLanguage\":\"en-US\"}]}<\/script>\n<!-- \/ Yoast SEO plugin. -->","yoast_head_json":{"title":"drinks to enjoy \u2013 Genuss und Barkultur","description":"drinks to enjoy steht f\u00fcr Genuss und Barkultur. Seid 2013 sind wir Ihr Ansprechpartner in der Schweiz f\u00fcr Bar- & Eventdienstleistungen , Caterings und Eventkonzepte. Wir bieten Ihnen und Ihren G\u00e4sten Full-Service- sowie Teildienstleistungen f\u00fcr Firmenanl\u00e4sse jeder Art sowie exklusiven privaten Veranstaltungen.","robots":{"index":"index","follow":"follow","max-snippet":"max-snippet:-1","max-image-preview":"max-image-preview:large","max-video-preview":"max-video-preview:-1"},"canonical":"https:\/\/www.drinks-to-enjoy.ch\/en\/","og_locale":"en_US","og_type":"article","og_title":"drinks to enjoy \u2013 Genuss und Barkultur","og_description":"drinks to enjoy steht f\u00fcr Genuss und Barkultur. Seid 2013 sind wir Ihr Ansprechpartner in der Schweiz f\u00fcr Bar- & Eventdienstleistungen , Caterings und Eventkonzepte. Wir bieten Ihnen und Ihren G\u00e4sten Full-Service- sowie Teildienstleistungen f\u00fcr Firmenanl\u00e4sse jeder Art sowie exklusiven privaten Veranstaltungen.","og_url":"https:\/\/www.drinks-to-enjoy.ch\/en\/","og_site_name":"Drinks to Enjoy","article_modified_time":"2018-10-05T19:54:23+00:00","twitter_card":"summary_large_image","schema":{"@context":"https:\/\/schema.org","@graph":[{"@type":"WebPage","@id":"https:\/\/www.drinks-to-enjoy.ch\/en\/","url":"https:\/\/www.drinks-to-enjoy.ch\/en\/","name":"drinks to enjoy \u2013 Genuss und Barkultur","isPartOf":{"@id":"https:\/\/www.drinks-to-enjoy.ch\/#website"},"datePublished":"2018-03-28T15:01:19+00:00","dateModified":"2018-10-05T19:54:23+00:00","description":"drinks to enjoy steht f\u00fcr Genuss und Barkultur. Seid 2013 sind wir Ihr Ansprechpartner in der Schweiz f\u00fcr Bar- & Eventdienstleistungen , Caterings und Eventkonzepte. Wir bieten Ihnen und Ihren G\u00e4sten Full-Service- sowie Teildienstleistungen f\u00fcr Firmenanl\u00e4sse jeder Art sowie exklusiven privaten Veranstaltungen.","breadcrumb":{"@id":"https:\/\/www.drinks-to-enjoy.ch\/en\/#breadcrumb"},"inLanguage":"en-US","potentialAction":[{"@type":"ReadAction","target":["https:\/\/www.drinks-to-enjoy.ch\/en\/"]}]},{"@type":"BreadcrumbList","@id":"https:\/\/www.drinks-to-enjoy.ch\/en\/#breadcrumb","itemListElement":[{"@type":"ListItem","position":1,"name":"Home","item":"https:\/\/www.drinks-to-enjoy.ch\/en\/"},{"@type":"ListItem","position":2,"name":"Home"}]},{"@type":"WebSite","@id":"https:\/\/www.drinks-to-enjoy.ch\/#website","url":"https:\/\/www.drinks-to-enjoy.ch\/","name":"Drinks to Enjoy","description":"Genuss und Barkultur","potentialAction":[{"@type":"SearchAction","target":{"@type":"EntryPoint","urlTemplate":"https:\/\/www.drinks-to-enjoy.ch\/?s={search_term_string}"},"query-input":{"@type":"PropertyValueSpecification","valueRequired":true,"valueName":"search_term_string"}}],"inLanguage":"en-US"}]}},"_links":{"self":[{"href":"https:\/\/www.drinks-to-enjoy.ch\/en\/wp-json\/wp\/v2\/pages\/1817","targetHints":{"allow":["GET"]}}],"collection":[{"href":"https:\/\/www.drinks-to-enjoy.ch\/en\/wp-json\/wp\/v2\/pages"}],"about":[{"href":"https:\/\/www.drinks-to-enjoy.ch\/en\/wp-json\/wp\/v2\/types\/page"}],"author":[{"embeddable":true,"href":"https:\/\/www.drinks-to-enjoy.ch\/en\/wp-json\/wp\/v2\/users\/2"}],"replies":[{"embeddable":true,"href":"https:\/\/www.drinks-to-enjoy.ch\/en\/wp-json\/wp\/v2\/comments?post=1817"}],"version-history":[{"count":5,"href":"https:\/\/www.drinks-to-enjoy.ch\/en\/wp-json\/wp\/v2\/pages\/1817\/revisions"}],"predecessor-version":[{"id":1936,"href":"https:\/\/www.drinks-to-enjoy.ch\/en\/wp-json\/wp\/v2\/pages\/1817\/revisions\/1936"}],"wp:attachment":[{"href":"https:\/\/www.drinks-to-enjoy.ch\/en\/wp-json\/wp\/v2\/media?parent=1817"}],"curies":[{"name":"wp","href":"https:\/\/api.w.org\/{rel}","templated":true}]}}